{"id":1811,"date":"2024-05-14T13:21:03","date_gmt":"2024-05-14T18:21:03","guid":{"rendered":"https:\/\/www.corpovertice.org\/?page_id=1811"},"modified":"2024-05-16T11:52:16","modified_gmt":"2024-05-16T16:52:16","slug":"documentos","status":"publish","type":"page","link":"https:\/\/www.corpovertice.org\/en\/documentos\/","title":{"rendered":"Documentos"},"content":{"rendered":"<p>[et_pb_section fb_built=&#8221;1&#8243; admin_label=&#8221;Galeria&#8221; module_id=&#8221;galeria&#8221; _builder_version=&#8221;4.18.0&#8243; _module_preset=&#8221;default&#8221; background_color=&#8221;RGBA(255,255,255,0)&#8221; positioning=&#8221;none&#8221; z_index=&#8221;4&#8243; global_colors_info=&#8221;{}&#8221;][et_pb_row _builder_version=&#8221;4.18.0&#8243; _module_preset=&#8221;default&#8221; background_image=&#8221;https:\/\/www.corpovertice.org\/wp-content\/uploads\/2022\/10\/fondoGaleria.svg&#8221; background_size=&#8221;custom&#8221; background_position=&#8221;top_center&#8221; background_vertical_offset=&#8221;50%&#8221; width=&#8221;100%&#8221; scroll_fade_enable=&#8221;on&#8221; scroll_fade=&#8221;5|20|80|100|0|100|0%&#8221; scroll_scaling_enable=&#8221;on&#8221; scroll_scaling=&#8221;0|40|80|100|20%|100|150%&#8221; background_last_edited=&#8221;on|desktop&#8221; background_image_width_tablet=&#8221;70%&#8221; background_image_width_phone=&#8221;90%&#8221; background_position_tablet=&#8221;top_center&#8221; background_position_phone=&#8221;top_center&#8221; background_vertical_offset_tablet=&#8221;75%&#8221; background_vertical_offset_phone=&#8221;25%&#8221; custom_css_main_element=&#8221;display: flex; flex-direction: column; justify-content: center&#8221; global_colors_info=&#8221;{}&#8221;][et_pb_column type=&#8221;4_4&#8243; _builder_version=&#8221;4.18.0&#8243; _module_preset=&#8221;default&#8221; global_colors_info=&#8221;{}&#8221;][et_pb_image src=&#8221;https:\/\/www.corpovertice.org\/wp-content\/uploads\/2022\/10\/icoGaleria.svg&#8221; title_text=&#8221;flor&#8221; _builder_version=&#8221;4.18.0&#8243; _module_preset=&#8221;default&#8221; width=&#8221;30%&#8221; width_tablet=&#8221;40%&#8221; width_phone=&#8221;60%&#8221; width_last_edited=&#8221;on|phone&#8221; module_alignment=&#8221;center&#8221; custom_padding=&#8221;||||false|false&#8221; scroll_fade_enable=&#8221;on&#8221; scroll_fade=&#8221;0|30|70|100|0|100|0%&#8221; scroll_scaling_enable=&#8221;on&#8221; scroll_scaling=&#8221;0|40|60|100|200%|50%|20%&#8221; global_colors_info=&#8221;{}&#8221;][\/et_pb_image][et_pb_text _builder_version=&#8221;4.22.1&#8243; _module_preset=&#8221;default&#8221; header_3_font=&#8221;Cubano||||||||&#8221; header_3_text_color=&#8221;#998675&#8243; text_orientation=&#8221;center&#8221; custom_padding=&#8221;||||false|false&#8221; scroll_vertical_motion_enable=&#8221;on&#8221; scroll_vertical_motion=&#8221;0|60|60|100|0|0|-2&#8243; scroll_scaling_enable=&#8221;on&#8221; scroll_scaling=&#8221;0|40|60|100|100%|100%|20%&#8221; global_colors_info=&#8221;{}&#8221;]<\/p>\n<h1>DOCUMENTOS<\/h1>\n<h3>Archivo Corpov\u00e9rtice<\/h3>\n<p>[\/et_pb_text][\/et_pb_column][\/et_pb_row][et_pb_row column_structure=&#8221;1_2,1_2&#8243; use_custom_gutter=&#8221;on&#8221; gutter_width=&#8221;2&#8243; _builder_version=&#8221;4.18.0&#8243; _module_preset=&#8221;default&#8221; global_colors_info=&#8221;{}&#8221;][et_pb_column type=&#8221;1_2&#8243; _builder_version=&#8221;4.18.0&#8243; _module_preset=&#8221;default&#8221; global_colors_info=&#8221;{}&#8221;][et_pb_text _builder_version=&#8221;4.22.1&#8243; _module_preset=&#8221;default&#8221; header_3_font=&#8221;Cubano||||||||&#8221; header_3_text_color=&#8221;#6A2527&#8243; text_orientation=&#8221;center&#8221; hover_enabled=&#8221;0&#8243; global_colors_info=&#8221;{}&#8221; sticky_enabled=&#8221;0&#8243;]<\/p>\n<h3 style=\"text-align: left;\">Presentaci\u00f3n Corpov\u00e9rtice en Espa\u00f1ol<\/h3>\n<p>[\/et_pb_text][et_pb_text _builder_version=&#8221;4.22.1&#8243; _module_preset=&#8221;default&#8221; global_colors_info=&#8221;{}&#8221;]<\/p>\n<p>Corpovertice es una organizaci\u00f3n que busca dialogar con los saberes de cada territorio, para construir, a partir del intercambio de saberes, realidades m\u00e1s justas entre mujeres,hombres, ni\u00f1as, ni\u00f1os y zonas rurales.<\/p>\n<p>[\/et_pb_text][\/et_pb_column][et_pb_column type=&#8221;1_2&#8243; _builder_version=&#8221;4.18.0&#8243; _module_preset=&#8221;default&#8221; global_colors_info=&#8221;{}&#8221;][et_pb_button button_url=&#8221;@ET-DC@eyJkeW5hbWljIjp0cnVlLCJjb250ZW50IjoicG9zdF9saW5rX3VybF9hdHRhY2htZW50Iiwic2V0dGluZ3MiOnsicG9zdF9pZCI6IjE4MDkifX0=@&#8221; button_text=&#8221;CVPresentaci\u00f3nEsp .pdf&#8221; _builder_version=&#8221;4.22.1&#8243; _dynamic_attributes=&#8221;button_url&#8221; _module_preset=&#8221;default&#8221; global_colors_info=&#8221;{}&#8221;][\/et_pb_button][\/et_pb_column][\/et_pb_row][et_pb_row column_structure=&#8221;1_2,1_2&#8243; use_custom_gutter=&#8221;on&#8221; gutter_width=&#8221;2&#8243; _builder_version=&#8221;4.18.0&#8243; _module_preset=&#8221;default&#8221; global_colors_info=&#8221;{}&#8221;][et_pb_column type=&#8221;1_2&#8243; _builder_version=&#8221;4.18.0&#8243; _module_preset=&#8221;default&#8221; global_colors_info=&#8221;{}&#8221;][et_pb_text _builder_version=&#8221;4.22.1&#8243; _module_preset=&#8221;default&#8221; header_3_font=&#8221;Cubano||||||||&#8221; header_3_text_color=&#8221;#6A2527&#8243; text_orientation=&#8221;center&#8221; global_colors_info=&#8221;{}&#8221;]<\/p>\n<h3 style=\"text-align: left;\">Criterios de priorizaci\u00f3n<\/h3>\n<p>[\/et_pb_text][et_pb_text _builder_version=&#8221;4.22.1&#8243; _module_preset=&#8221;default&#8221; hover_enabled=&#8221;0&#8243; global_colors_info=&#8221;{}&#8221; sticky_enabled=&#8221;0&#8243;]<\/p>\n<p>Gu\u00eda para proveedores e interesados en ser proveedores para el proyecto V\u00e9rtice para el comercio responsable en Boyac\u00e1, Colombia<\/p>\n<p>[\/et_pb_text][\/et_pb_column][et_pb_column type=&#8221;1_2&#8243; _builder_version=&#8221;4.18.0&#8243; _module_preset=&#8221;default&#8221; global_colors_info=&#8221;{}&#8221;][et_pb_button button_url=&#8221;@ET-DC@eyJkeW5hbWljIjp0cnVlLCJjb250ZW50IjoicG9zdF9saW5rX3VybF9hdHRhY2htZW50Iiwic2V0dGluZ3MiOnsicG9zdF9pZCI6IjE4MTAifX0=@&#8221; button_text=&#8221;CriteriosdePriorizaci\u00f3n .pdf&#8221; _builder_version=&#8221;4.22.1&#8243; _dynamic_attributes=&#8221;button_url&#8221; _module_preset=&#8221;default&#8221; hover_enabled=&#8221;0&#8243; global_colors_info=&#8221;{}&#8221; sticky_enabled=&#8221;0&#8243;][\/et_pb_button][\/et_pb_column][\/et_pb_row][et_pb_row column_structure=&#8221;1_2,1_2&#8243; use_custom_gutter=&#8221;on&#8221; gutter_width=&#8221;2&#8243; _builder_version=&#8221;4.18.0&#8243; _module_preset=&#8221;default&#8221; global_colors_info=&#8221;{}&#8221;][et_pb_column type=&#8221;1_2&#8243; _builder_version=&#8221;4.18.0&#8243; _module_preset=&#8221;default&#8221; global_colors_info=&#8221;{}&#8221;][et_pb_text _builder_version=&#8221;4.22.1&#8243; _module_preset=&#8221;default&#8221; header_3_font=&#8221;Cubano||||||||&#8221; header_3_text_color=&#8221;#6A2527&#8243; text_orientation=&#8221;center&#8221; hover_enabled=&#8221;0&#8243; global_colors_info=&#8221;{}&#8221; sticky_enabled=&#8221;0&#8243;]<\/p>\n<h3 style=\"text-align: left;\">Presentaci\u00f3n de CorpoV\u00e9rtice en Franc\u00e9s<\/h3>\n<p>[\/et_pb_text][et_pb_text _builder_version=&#8221;4.22.1&#8243; _module_preset=&#8221;default&#8221; global_colors_info=&#8221;{}&#8221;]<\/p>\n<p>Renforcement de la coesion inter ethnique et religieuse a travers l&#8217;entrepreunariat et la formation agropastorale en guinee forestiere. \u00a0<\/p>\n<p>[\/et_pb_text][\/et_pb_column][et_pb_column type=&#8221;1_2&#8243; _builder_version=&#8221;4.18.0&#8243; _module_preset=&#8221;default&#8221; global_colors_info=&#8221;{}&#8221;][et_pb_button button_url=&#8221;@ET-DC@eyJkeW5hbWljIjp0cnVlLCJjb250ZW50IjoicG9zdF9saW5rX3VybF9hdHRhY2htZW50Iiwic2V0dGluZ3MiOnsicG9zdF9pZCI6IjE4MDgifX0=@&#8221; button_text=&#8221;CVGuinea .pdf&#8221; _builder_version=&#8221;4.22.1&#8243; _dynamic_attributes=&#8221;button_url&#8221; _module_preset=&#8221;default&#8221; global_colors_info=&#8221;{}&#8221;][\/et_pb_button][\/et_pb_column][\/et_pb_row][\/et_pb_section][et_pb_section fb_built=&#8221;1&#8243; admin_label=&#8221;MenuPrincipal&#8221; _builder_version=&#8221;4.18.0&#8243; _module_preset=&#8221;default&#8221; background_color=&#8221;#6A2527&#8243; positioning=&#8221;fixed&#8221; position_origin_f=&#8221;top_center&#8221; z_index=&#8221;999&#8243; custom_padding=&#8221;0px||0px||false|false&#8221; sticky_position=&#8221;top&#8221; locked=&#8221;off&#8221; global_colors_info=&#8221;{}&#8221;][et_pb_row make_equal=&#8221;on&#8221; _builder_version=&#8221;4.18.0&#8243; _module_preset=&#8221;default&#8221; positioning=&#8221;none&#8221; height=&#8221;10vh&#8221; custom_padding=&#8221;0px||0px||false|false&#8221; custom_css_main_element=&#8221;display: flex; ||flex-direction: ||column; justify-content: center;\t&#8221; global_colors_info=&#8221;{}&#8221;][et_pb_column type=&#8221;4_4&#8243; _builder_version=&#8221;4.18.0&#8243; _module_preset=&#8221;default&#8221; global_colors_info=&#8221;{}&#8221;][et_pb_menu dropdown_menu_bg_color=&#8221;#f2f2f2&#8243; dropdown_menu_text_color=&#8221;#998675&#8243; dropdown_menu_active_link_color=&#8221;#9A1917&#8243; mobile_menu_bg_color=&#8221;#f1f1f1&#8243; mobile_menu_text_color=&#8221;#998675&#8243; logo=&#8221;https:\/\/www.corpovertice.org\/wp-content\/uploads\/2022\/09\/logoCabezote.svg&#8221; logo_url=&#8221;@ET-DC@eyJkeW5hbWljIjp0cnVlLCJjb250ZW50IjoiaG9tZV91cmwiLCJzZXR0aW5ncyI6e319@&#8221; logo_width=&#8221;35%&#8221; menu_icon_font_size=&#8221;46px&#8221; logo_tablet=&#8221;https:\/\/www.corpovertice.org\/wp-content\/uploads\/2022\/09\/logoCabezote.svg&#8221; logo_phone=&#8221;https:\/\/www.corpovertice.org\/wp-content\/uploads\/2022\/09\/logoCabezote.svg&#8221; logo_last_edited=&#8221;on|phone&#8221; logo_width_tablet=&#8221;66%&#8221; logo_width_phone=&#8221;70%&#8221; logo_width_last_edited=&#8221;on|desktop&#8221; _builder_version=&#8221;4.18.0&#8243; _dynamic_attributes=&#8221;logo_url&#8221; _module_preset=&#8221;default&#8221; menu_font=&#8221;Cubano||||||||&#8221; menu_text_color=&#8221;#E2D6C6&#8243; menu_font_size=&#8221;15px&#8221; background_color=&#8221;RGBA(255,255,255,0)&#8221; positioning=&#8221;relative&#8221; z_index=&#8221;99&#8243; text_orientation=&#8221;right&#8221; custom_margin=&#8221;|0px||0px|false|true&#8221; custom_padding=&#8221;0px|0px|0px|0px|false|true&#8221; menu_font_size_tablet=&#8221;&#8221; menu_font_size_phone=&#8221;&#8221; menu_font_size_last_edited=&#8221;on|desktop&#8221; global_colors_info=&#8221;{}&#8221; custom_css_main_element_last_edited=&#8221;off|phone&#8221; dropdown_menu_bg_color__hover_enabled=&#8221;on|hover&#8221; dropdown_menu_bg_color__hover=&#8221;#f2f2f2&#8243;][\/et_pb_menu][\/et_pb_column][\/et_pb_row][\/et_pb_section][et_pb_section fb_built=&#8221;1&#8243; admin_label=&#8221;Converge&#8221; _builder_version=&#8221;4.18.0&#8243; _module_preset=&#8221;default&#8221; background_color=&#8221;RGBA(255,255,255,0)&#8221; positioning=&#8221;fixed&#8221; position_origin_a=&#8221;bottom_center&#8221; position_origin_f=&#8221;bottom_right&#8221; z_index=&#8221;9999&#8243; width=&#8221;200px&#8221; custom_margin=&#8221;0px|0px|0px|0px|false|false&#8221; custom_padding=&#8221;0px|0px|20px|0px|false|false&#8221; global_colors_info=&#8221;{}&#8221;][et_pb_row _builder_version=&#8221;4.18.0&#8243; _module_preset=&#8221;default&#8221; custom_margin=&#8221;0px|20px|0px||false|false&#8221; custom_padding=&#8221;0px||0px||false|false&#8221; global_colors_info=&#8221;{}&#8221;][et_pb_column type=&#8221;4_4&#8243; _builder_version=&#8221;4.18.0&#8243; _module_preset=&#8221;default&#8221; global_colors_info=&#8221;{}&#8221;][et_pb_button button_url=&#8221;https:\/\/www.corpovertice.org\/#converge&#8221; button_text=&#8221;HAZ PARTE&#8221; button_alignment=&#8221;right&#8221; _builder_version=&#8221;4.18.0&#8243; _module_preset=&#8221;default&#8221; custom_button=&#8221;on&#8221; button_text_color=&#8221;#ffffff&#8221; button_bg_color=&#8221;#7BBB5B&#8221; button_border_color=&#8221;RGBA(255,255,255,0)&#8221; button_border_radius=&#8221;10px&#8221; button_font=&#8221;Cubano||||||||&#8221; global_colors_info=&#8221;{}&#8221;][\/et_pb_button][\/et_pb_column][\/et_pb_row][\/et_pb_section][et_pb_section fb_built=&#8221;1&#8243; admin_label=&#8221;DONA&#8221; _builder_version=&#8221;4.18.0&#8243; _module_preset=&#8221;default&#8221; background_color=&#8221;RGBA(255,255,255,0)&#8221; positioning=&#8221;fixed&#8221; position_origin_a=&#8221;bottom_center&#8221; position_origin_f=&#8221;bottom_left&#8221; z_index=&#8221;9999&#8243; width=&#8221;200px&#8221; custom_margin=&#8221;0px|0px|0px|0px|false|false&#8221; custom_padding=&#8221;0px|0px|20px|0px|false|false&#8221; global_colors_info=&#8221;{}&#8221;][et_pb_row _builder_version=&#8221;4.18.0&#8243; _module_preset=&#8221;default&#8221; custom_margin=&#8221;0px|20px|0px||false|false&#8221; custom_padding=&#8221;0px||0px||false|false&#8221; global_colors_info=&#8221;{}&#8221;][et_pb_column type=&#8221;4_4&#8243; _builder_version=&#8221;4.18.0&#8243; _module_preset=&#8221;default&#8221; global_colors_info=&#8221;{}&#8221;][et_pb_code _builder_version=&#8221;4.18.0&#8243; _module_preset=&#8221;default&#8221; global_colors_info=&#8221;{}&#8221;]<style>\r\n        .wpedon-container .wpedon-select,\r\n        .wpedon-container .wpedon-input {\r\n            width: 0px;\r\n            min-width: 0px;\r\n            max-width: 0px;\r\n        }\r\n    <\/style><div class='wpedon-container wpedon-align-left'><form target='_blank' action='https:\/\/www.paypal.com\/cgi-bin\/webscr' method='post' class='wpedon-form'><input type='hidden' name='cmd' value='_donations' \/><input type='hidden' name='business' value='DU35LJVN4JL8S' \/><input type='hidden' name='currency_code' value='USD' \/><input type='hidden' name='notify_url' value='https:\/\/www.corpovertice.org\/wp-admin\/admin-post.php?action=add_wpedon_button_ipn'><input type='hidden' name='lc' value='en_US'><input type='hidden' name='bn' value='WPPlugin_SP'><input type='hidden' name='return' value='https:\/\/www.corpovertice.org\/gracias' \/><input type='hidden' name='cancel_return' value='' \/><input class='wpedon_paypalbuttonimage' type='image' src='https:\/\/www.corpovertice.org\/wp-content\/uploads\/2022\/10\/donaDonate.svg' border='0' name='submit' alt='Make your payments with PayPal. It is free, secure, effective.' style='border: none;'><img alt='' border='0' style='border:none;display:none;' src='https:\/\/www.paypal.com\/en_US\/i\/scr\/pixel.gif' width='1' height='1'><input type='hidden' name='amount' id='amount_5c2c5b70830abf5334bb110669471e43' value='' \/><input type='hidden' name='price' id='price_5c2c5b70830abf5334bb110669471e43' value='' \/><input type='hidden' name='item_number' value='' \/><input type='hidden' name='item_name' value='Apoyo a V\u00c9RTICE' \/><input type='hidden' name='name' value='Apoyo a V\u00c9RTICE' \/><input type='hidden' name='custom' value='1597'><input type='hidden' name='no_shipping' value='1'><input type='hidden' name='no_note' value='1'><input type='hidden' name='currency_code' value='USD'><\/form><\/div>[\/et_pb_code][\/et_pb_column][\/et_pb_row][\/et_pb_section]<\/p>\n","protected":false},"excerpt":{"rendered":"<p>DOCUMENTOS Archivo Corpov\u00e9rticePresentaci\u00f3n Corpov\u00e9rtice en Espa\u00f1olCorpovertice es una organizaci\u00f3n que busca dialogar con los saberes de cada territorio, para construir, a partir del intercambio de saberes, realidades m\u00e1s justas entre mujeres,hombres, ni\u00f1as, ni\u00f1os y zonas rurales.Criterios de priorizaci\u00f3nGu\u00eda para proveedores e interesados en ser proveedores para el proyecto V\u00e9rtice para el comercio responsable en Boyac\u00e1, [&hellip;]<\/p>\n","protected":false},"author":1,"featured_media":0,"parent":0,"menu_order":0,"comment_status":"closed","ping_status":"closed","template":"","meta":{"_et_pb_use_builder":"on","_et_pb_old_content":"","_et_gb_content_width":"","footnotes":""},"class_list":["post-1811","page","type-page","status-publish","hentry"],"yoast_head":"<!-- This site is optimized with the Yoast SEO plugin v26.9 - https:\/\/yoast.com\/product\/yoast-seo-wordpress\/ -->\n<title>Documentos - V\u00c9RTICE Sustento Sostenible<\/title>\n<meta name=\"robots\" content=\"index, follow, max-snippet:-1, max-image-preview:large, max-video-preview:-1\" \/>\n<link rel=\"canonical\" href=\"https:\/\/www.corpovertice.org\/en\/documentos\/\" \/>\n<meta property=\"og:locale\" content=\"en_US\" \/>\n<meta property=\"og:type\" content=\"article\" \/>\n<meta property=\"og:title\" content=\"Documentos - V\u00c9RTICE Sustento Sostenible\" \/>\n<meta property=\"og:description\" content=\"DOCUMENTOS Archivo Corpov\u00e9rticePresentaci\u00f3n Corpov\u00e9rtice en Espa\u00f1olCorpovertice es una organizaci\u00f3n que busca dialogar con los saberes de cada territorio, para construir, a partir del intercambio de saberes, realidades m\u00e1s justas entre mujeres,hombres, ni\u00f1as, ni\u00f1os y zonas rurales.Criterios de priorizaci\u00f3nGu\u00eda para proveedores e interesados en ser proveedores para el proyecto V\u00e9rtice para el comercio responsable en Boyac\u00e1, [&hellip;]\" \/>\n<meta property=\"og:url\" content=\"https:\/\/www.corpovertice.org\/en\/documentos\/\" \/>\n<meta property=\"og:site_name\" content=\"V\u00c9RTICE Sustento Sostenible\" \/>\n<meta property=\"article:publisher\" content=\"https:\/\/www.facebook.com\/corpovertice1\" \/>\n<meta property=\"article:modified_time\" content=\"2024-05-16T16:52:16+00:00\" \/>\n<meta name=\"twitter:card\" content=\"summary_large_image\" \/>\n<script type=\"application\/ld+json\" class=\"yoast-schema-graph\">{\"@context\":\"https:\/\/schema.org\",\"@graph\":[{\"@type\":\"WebPage\",\"@id\":\"https:\/\/www.corpovertice.org\/documentos\/\",\"url\":\"https:\/\/www.corpovertice.org\/documentos\/\",\"name\":\"Documentos - V\u00c9RTICE Sustento Sostenible\",\"isPartOf\":{\"@id\":\"https:\/\/www.corpovertice.org\/#website\"},\"datePublished\":\"2024-05-14T18:21:03+00:00\",\"dateModified\":\"2024-05-16T16:52:16+00:00\",\"breadcrumb\":{\"@id\":\"https:\/\/www.corpovertice.org\/documentos\/#breadcrumb\"},\"inLanguage\":\"en-US\",\"potentialAction\":[{\"@type\":\"ReadAction\",\"target\":[\"https:\/\/www.corpovertice.org\/documentos\/\"]}]},{\"@type\":\"BreadcrumbList\",\"@id\":\"https:\/\/www.corpovertice.org\/documentos\/#breadcrumb\",\"itemListElement\":[{\"@type\":\"ListItem\",\"position\":1,\"name\":\"Home\",\"item\":\"https:\/\/www.corpovertice.org\/\"},{\"@type\":\"ListItem\",\"position\":2,\"name\":\"Documentos\"}]},{\"@type\":\"WebSite\",\"@id\":\"https:\/\/www.corpovertice.org\/#website\",\"url\":\"https:\/\/www.corpovertice.org\/\",\"name\":\"V\u00c9RTICE Sustento Sostenible\",\"description\":\"V\u00e9rtice es un lugar de encuentro. El lugar para que las vidas, los saberes, los sue\u00f1os, los recursos, el campo, la ciudad, los pa\u00edses CONVERGAN.\",\"publisher\":{\"@id\":\"https:\/\/www.corpovertice.org\/#organization\"},\"potentialAction\":[{\"@type\":\"SearchAction\",\"target\":{\"@type\":\"EntryPoint\",\"urlTemplate\":\"https:\/\/www.corpovertice.org\/?s={search_term_string}\"},\"query-input\":{\"@type\":\"PropertyValueSpecification\",\"valueRequired\":true,\"valueName\":\"search_term_string\"}}],\"inLanguage\":\"en-US\"},{\"@type\":\"Organization\",\"@id\":\"https:\/\/www.corpovertice.org\/#organization\",\"name\":\"V\u00c9RTICE Sustento Sostenible\",\"url\":\"https:\/\/www.corpovertice.org\/\",\"logo\":{\"@type\":\"ImageObject\",\"inLanguage\":\"en-US\",\"@id\":\"https:\/\/www.corpovertice.org\/#\/schema\/logo\/image\/\",\"url\":\"https:\/\/www.corpovertice.org\/wp-content\/uploads\/2022\/10\/LogoVertice-8.png\",\"contentUrl\":\"https:\/\/www.corpovertice.org\/wp-content\/uploads\/2022\/10\/LogoVertice-8.png\",\"width\":1081,\"height\":1081,\"caption\":\"V\u00c9RTICE Sustento Sostenible\"},\"image\":{\"@id\":\"https:\/\/www.corpovertice.org\/#\/schema\/logo\/image\/\"},\"sameAs\":[\"https:\/\/www.facebook.com\/corpovertice1\",\"https:\/\/www.instagram.com\/corpo.vertice\/\"]}]}<\/script>\n<!-- \/ Yoast SEO plugin. -->","yoast_head_json":{"title":"Documentos - V\u00c9RTICE Sustento Sostenible","robots":{"index":"index","follow":"follow","max-snippet":"max-snippet:-1","max-image-preview":"max-image-preview:large","max-video-preview":"max-video-preview:-1"},"canonical":"https:\/\/www.corpovertice.org\/en\/documentos\/","og_locale":"en_US","og_type":"article","og_title":"Documentos - V\u00c9RTICE Sustento Sostenible","og_description":"DOCUMENTOS Archivo Corpov\u00e9rticePresentaci\u00f3n Corpov\u00e9rtice en Espa\u00f1olCorpovertice es una organizaci\u00f3n que busca dialogar con los saberes de cada territorio, para construir, a partir del intercambio de saberes, realidades m\u00e1s justas entre mujeres,hombres, ni\u00f1as, ni\u00f1os y zonas rurales.Criterios de priorizaci\u00f3nGu\u00eda para proveedores e interesados en ser proveedores para el proyecto V\u00e9rtice para el comercio responsable en Boyac\u00e1, [&hellip;]","og_url":"https:\/\/www.corpovertice.org\/en\/documentos\/","og_site_name":"V\u00c9RTICE Sustento Sostenible","article_publisher":"https:\/\/www.facebook.com\/corpovertice1","article_modified_time":"2024-05-16T16:52:16+00:00","twitter_card":"summary_large_image","schema":{"@context":"https:\/\/schema.org","@graph":[{"@type":"WebPage","@id":"https:\/\/www.corpovertice.org\/documentos\/","url":"https:\/\/www.corpovertice.org\/documentos\/","name":"Documentos - V\u00c9RTICE Sustento Sostenible","isPartOf":{"@id":"https:\/\/www.corpovertice.org\/#website"},"datePublished":"2024-05-14T18:21:03+00:00","dateModified":"2024-05-16T16:52:16+00:00","breadcrumb":{"@id":"https:\/\/www.corpovertice.org\/documentos\/#breadcrumb"},"inLanguage":"en-US","potentialAction":[{"@type":"ReadAction","target":["https:\/\/www.corpovertice.org\/documentos\/"]}]},{"@type":"BreadcrumbList","@id":"https:\/\/www.corpovertice.org\/documentos\/#breadcrumb","itemListElement":[{"@type":"ListItem","position":1,"name":"Home","item":"https:\/\/www.corpovertice.org\/"},{"@type":"ListItem","position":2,"name":"Documentos"}]},{"@type":"WebSite","@id":"https:\/\/www.corpovertice.org\/#website","url":"https:\/\/www.corpovertice.org\/","name":"V\u00c9RTICE Sustento Sostenible","description":"V\u00e9rtice es un lugar de encuentro. El lugar para que las vidas, los saberes, los sue\u00f1os, los recursos, el campo, la ciudad, los pa\u00edses CONVERGAN.","publisher":{"@id":"https:\/\/www.corpovertice.org\/#organization"},"potentialAction":[{"@type":"SearchAction","target":{"@type":"EntryPoint","urlTemplate":"https:\/\/www.corpovertice.org\/?s={search_term_string}"},"query-input":{"@type":"PropertyValueSpecification","valueRequired":true,"valueName":"search_term_string"}}],"inLanguage":"en-US"},{"@type":"Organization","@id":"https:\/\/www.corpovertice.org\/#organization","name":"V\u00c9RTICE Sustento Sostenible","url":"https:\/\/www.corpovertice.org\/","logo":{"@type":"ImageObject","inLanguage":"en-US","@id":"https:\/\/www.corpovertice.org\/#\/schema\/logo\/image\/","url":"https:\/\/www.corpovertice.org\/wp-content\/uploads\/2022\/10\/LogoVertice-8.png","contentUrl":"https:\/\/www.corpovertice.org\/wp-content\/uploads\/2022\/10\/LogoVertice-8.png","width":1081,"height":1081,"caption":"V\u00c9RTICE Sustento Sostenible"},"image":{"@id":"https:\/\/www.corpovertice.org\/#\/schema\/logo\/image\/"},"sameAs":["https:\/\/www.facebook.com\/corpovertice1","https:\/\/www.instagram.com\/corpo.vertice\/"]}]}},"_links":{"self":[{"href":"https:\/\/www.corpovertice.org\/en\/wp-json\/wp\/v2\/pages\/1811","targetHints":{"allow":["GET"]}}],"collection":[{"href":"https:\/\/www.corpovertice.org\/en\/wp-json\/wp\/v2\/pages"}],"about":[{"href":"https:\/\/www.corpovertice.org\/en\/wp-json\/wp\/v2\/types\/page"}],"author":[{"embeddable":true,"href":"https:\/\/www.corpovertice.org\/en\/wp-json\/wp\/v2\/users\/1"}],"replies":[{"embeddable":true,"href":"https:\/\/www.corpovertice.org\/en\/wp-json\/wp\/v2\/comments?post=1811"}],"version-history":[{"count":4,"href":"https:\/\/www.corpovertice.org\/en\/wp-json\/wp\/v2\/pages\/1811\/revisions"}],"predecessor-version":[{"id":1823,"href":"https:\/\/www.corpovertice.org\/en\/wp-json\/wp\/v2\/pages\/1811\/revisions\/1823"}],"wp:attachment":[{"href":"https:\/\/www.corpovertice.org\/en\/wp-json\/wp\/v2\/media?parent=1811"}],"curies":[{"name":"wp","href":"https:\/\/api.w.org\/{rel}","templated":true}]}}